{"id":713,"date":"2021-10-04T07:07:41","date_gmt":"2021-10-04T07:07:41","guid":{"rendered":"https:\/\/building-better.eu\/das-projekt\/"},"modified":"2023-03-27T10:35:29","modified_gmt":"2023-03-27T10:35:29","slug":"das-projekt","status":"publish","type":"page","link":"https:\/\/building-better.eu\/de\/das-projekt\/","title":{"rendered":"Das Projekt"},"content":{"rendered":"\t\t<div data-elementor-type=\"wp-page\" data-elementor-id=\"713\" class=\"elementor elementor-713 elementor-276\" data-elementor-post-type=\"page\">\n\t\t\t\t\t\t<section class=\"elementor-section elementor-top-section elementor-element elementor-element-b75a574 elementor-section-boxed elementor-section-height-default elementor-section-height-default\" data-id=\"b75a574\" data-element_type=\"section\">\n\t\t\t\t\t\t<div class=\"elementor-container elementor-column-gap-default\">\n\t\t\t\t\t<div class=\"elementor-column elementor-col-100 elementor-top-column elementor-element elementor-element-2e36e48\" data-id=\"2e36e48\" data-element_type=\"column\">\n\t\t\t<div class=\"elementor-widget-wrap elementor-element-populated\">\n\t\t\t\t\t\t<div class=\"elementor-element elementor-element-738fadd elementor-widget elementor-widget-spacer\" data-id=\"738fadd\" data-element_type=\"widget\" data-widget_type=\"spacer.default\">\n\t\t\t\t<div class=\"elementor-widget-container\">\n\t\t\t\t\t<div class=\"elementor-spacer\">\n\t\t\t<div class=\"elementor-spacer-inner\"><\/div>\n\t\t<\/div>\n\t\t\t\t<\/div>\n\t\t\t\t<\/div>\n\t\t\t\t\t<\/div>\n\t\t<\/div>\n\t\t\t\t\t<\/div>\n\t\t<\/section>\n\t\t\t\t<section class=\"elementor-section elementor-top-section elementor-element elementor-element-a546f3c elementor-section-full_width elementor-section-content-middle elementor-section-stretched elementor-section-height-default elementor-section-height-default\" data-id=\"a546f3c\" data-element_type=\"section\" data-settings=\"{&quot;stretch_section&quot;:&quot;section-stretched&quot;,&quot;background_background&quot;:&quot;classic&quot;}\">\n\t\t\t\t\t\t<div class=\"elementor-container elementor-column-gap-default\">\n\t\t\t\t\t<div class=\"elementor-column elementor-col-33 elementor-top-column elementor-element elementor-element-b47bfcc\" data-id=\"b47bfcc\" data-element_type=\"column\">\n\t\t\t<div class=\"elementor-widget-wrap elementor-element-populated\">\n\t\t\t\t\t\t<div class=\"elementor-element elementor-element-1582cc0 elementor-absolute elementor-hidden-phone elementor-widget elementor-widget-text-editor\" data-id=\"1582cc0\" data-element_type=\"widget\" data-settings=\"{&quot;_position&quot;:&quot;absolute&quot;}\" data-widget_type=\"text-editor.default\">\n\t\t\t\t<div class=\"elementor-widget-container\">\n\t\t\t<div class=\"bb-theme-elementor-wrap bb-elementor-custom-color bb-elementor-custom-size\">\t\t\t\t<h2><span style=\"white-space: nowrap;\">BUILDING BETTER<\/span><\/h2>\n\t\t\t\t<\/div>\t\t<\/div>\n\t\t\t\t<\/div>\n\t\t\t\t\t<\/div>\n\t\t<\/div>\n\t\t\t\t<div class=\"elementor-column elementor-col-33 elementor-top-column elementor-element elementor-element-a817316\" data-id=\"a817316\" data-element_type=\"column\">\n\t\t\t<div class=\"elementor-widget-wrap elementor-element-populated\">\n\t\t\t\t\t\t<section class=\"elementor-section elementor-inner-section elementor-element elementor-element-9b1df01 elementor-section-content-middle elementor-section-boxed elementor-section-height-default elementor-section-height-default\" data-id=\"9b1df01\" data-element_type=\"section\">\n\t\t\t\t\t\t<div class=\"elementor-container elementor-column-gap-default\">\n\t\t\t\t\t<div class=\"elementor-column elementor-col-50 elementor-inner-column elementor-element elementor-element-83e95c5\" data-id=\"83e95c5\" data-element_type=\"column\">\n\t\t\t<div class=\"elementor-widget-wrap elementor-element-populated\">\n\t\t\t\t\t\t<div class=\"elementor-element elementor-element-e07fe46 elementor-widget elementor-widget-image\" data-id=\"e07fe46\" data-element_type=\"widget\" data-widget_type=\"image.default\">\n\t\t\t\t<div class=\"elementor-widget-container\">\n\t\t\t\t\t\t\t\t\t\t\t\t\t<img fetchpriority=\"high\" decoding=\"async\" width=\"400\" height=\"400\" src=\"https:\/\/building-better.eu\/wp-content\/uploads\/2021\/07\/building-better-layout-2-about-photo-400px.png\" class=\"attachment-large size-large wp-image-627\" alt=\"building better about photo\" srcset=\"https:\/\/building-better.eu\/wp-content\/uploads\/2021\/07\/building-better-layout-2-about-photo-400px.png 400w, https:\/\/building-better.eu\/wp-content\/uploads\/2021\/07\/building-better-layout-2-about-photo-400px-300x300.png 300w, https:\/\/building-better.eu\/wp-content\/uploads\/2021\/07\/building-better-layout-2-about-photo-400px-150x150.png 150w\" sizes=\"(max-width: 400px) 100vw, 400px\" \/>\t\t\t\t\t\t\t\t\t\t\t\t\t<\/div>\n\t\t\t\t<\/div>\n\t\t\t\t\t<\/div>\n\t\t<\/div>\n\t\t\t\t<div class=\"elementor-column elementor-col-50 elementor-inner-column elementor-element elementor-element-75f374d\" data-id=\"75f374d\" data-element_type=\"column\">\n\t\t\t<div class=\"elementor-widget-wrap elementor-element-populated\">\n\t\t\t\t\t\t<div class=\"elementor-element elementor-element-67326f1 elementor-widget elementor-widget-heading\" data-id=\"67326f1\" data-element_type=\"widget\" data-widget_type=\"heading.default\">\n\t\t\t\t<div class=\"elementor-widget-container\">\n\t\t\t<h2 class=\"elementor-heading-title elementor-size-default\">Das Projekt<\/h2>\t\t<\/div>\n\t\t\t\t<\/div>\n\t\t\t\t<div class=\"elementor-element elementor-element-9ac6b10 elementor-widget elementor-widget-text-editor\" data-id=\"9ac6b10\" data-element_type=\"widget\" data-widget_type=\"text-editor.default\">\n\t\t\t\t<div class=\"elementor-widget-container\">\n\t\t\t<div class=\"bb-theme-elementor-wrap bb-elementor-custom-color\">\t\t\t\t<p>An dem Projekt &#8220;Building Better&#8221; sind Jugendorganisationen, Organisationen aus den Bereichen Kunst und Kultur, Ausbildungseinrichtungen und lokale Beh\u00f6rden aus Deutschland, Zypern, Italien und Griechenland beteiligt.<\/p><p>Das Hauptziel dieses Projekts ist die St\u00e4rkung von sektoren\u00fcbergreifender Zusammenarbeit mit dem Schwerpunkt auf Kreativit\u00e4t und kulturellem Bewusstsein sowie sozialer Teilhabe von Jugendlichen. JugendarbeiterInnen, K\u00fcnstlerInnen und politische Entscheidungstr\u00e4gerInnen sollen dabei unterst\u00fctzt werden, kreative und innovative L\u00f6sungen f\u00fcr die neuen Herausforderungen zu finden, die die Pandemie mit sich gebracht hat, und die Qualit\u00e4t der Unterst\u00fctzungssysteme f\u00fcr Jugendliche auf lokaler, nationaler und europ\u00e4ischer Ebene zu verbessern.<\/p>\t\t\t\t<\/div>\t\t<\/div>\n\t\t\t\t<\/div>\n\t\t\t\t\t<\/div>\n\t\t<\/div>\n\t\t\t\t\t<\/div>\n\t\t<\/section>\n\t\t\t\t\t<\/div>\n\t\t<\/div>\n\t\t\t\t<div class=\"elementor-column elementor-col-33 elementor-top-column elementor-element elementor-element-821ca87\" data-id=\"821ca87\" data-element_type=\"column\">\n\t\t\t<div class=\"elementor-widget-wrap\">\n\t\t\t\t\t\t\t<\/div>\n\t\t<\/div>\n\t\t\t\t\t<\/div>\n\t\t<\/section>\n\t\t\t\t<section class=\"elementor-section elementor-top-section elementor-element elementor-element-e838918 elementor-section-boxed elementor-section-height-default elementor-section-height-default\" data-id=\"e838918\" data-element_type=\"section\">\n\t\t\t\t\t\t<div class=\"elementor-container elementor-column-gap-default\">\n\t\t\t\t\t<div class=\"elementor-column elementor-col-100 elementor-top-column elementor-element elementor-element-716bffa\" data-id=\"716bffa\" data-element_type=\"column\">\n\t\t\t<div class=\"elementor-widget-wrap elementor-element-populated\">\n\t\t\t\t\t\t<div class=\"elementor-element elementor-element-890a1da elementor-widget elementor-widget-spacer\" data-id=\"890a1da\" data-element_type=\"widget\" data-widget_type=\"spacer.default\">\n\t\t\t\t<div class=\"elementor-widget-container\">\n\t\t\t\t\t<div class=\"elementor-spacer\">\n\t\t\t<div class=\"elementor-spacer-inner\"><\/div>\n\t\t<\/div>\n\t\t\t\t<\/div>\n\t\t\t\t<\/div>\n\t\t\t\t\t<\/div>\n\t\t<\/div>\n\t\t\t\t\t<\/div>\n\t\t<\/section>\n\t\t\t\t<section class=\"elementor-section elementor-top-section elementor-element elementor-element-5e73019 elementor-section-boxed elementor-section-height-default elementor-section-height-default\" data-id=\"5e73019\" data-element_type=\"section\">\n\t\t\t\t\t\t<div class=\"elementor-container elementor-column-gap-default\">\n\t\t\t\t\t<div class=\"elementor-column elementor-col-100 elementor-top-column elementor-element elementor-element-3bfd981c\" data-id=\"3bfd981c\" data-element_type=\"column\">\n\t\t\t<div class=\"elementor-widget-wrap elementor-element-populated\">\n\t\t\t\t\t\t<div class=\"elementor-element elementor-element-78155f00 elementor-widget elementor-widget-spacer\" data-id=\"78155f00\" data-element_type=\"widget\" data-widget_type=\"spacer.default\">\n\t\t\t\t<div class=\"elementor-widget-container\">\n\t\t\t\t\t<div class=\"elementor-spacer\">\n\t\t\t<div class=\"elementor-spacer-inner\"><\/div>\n\t\t<\/div>\n\t\t\t\t<\/div>\n\t\t\t\t<\/div>\n\t\t\t\t<div class=\"elementor-element elementor-element-50915ec5 elementor-widget elementor-widget-heading\" data-id=\"50915ec5\" data-element_type=\"widget\" data-widget_type=\"heading.default\">\n\t\t\t\t<div class=\"elementor-widget-container\">\n\t\t\t<h2 class=\"elementor-heading-title elementor-size-default\">Target Groups<\/h2>\t\t<\/div>\n\t\t\t\t<\/div>\n\t\t\t\t<section class=\"elementor-section elementor-inner-section elementor-element elementor-element-70ff4d11 elementor-section-boxed elementor-section-height-default elementor-section-height-default\" data-id=\"70ff4d11\" data-element_type=\"section\">\n\t\t\t\t\t\t<div class=\"elementor-container elementor-column-gap-default\">\n\t\t\t\t\t<div class=\"elementor-column elementor-col-25 elementor-inner-column elementor-element elementor-element-4fa44fb9\" data-id=\"4fa44fb9\" data-element_type=\"column\">\n\t\t\t<div class=\"elementor-widget-wrap elementor-element-populated\">\n\t\t\t\t\t\t<div class=\"elementor-element elementor-element-6ad07c00 elementor-widget elementor-widget-image\" data-id=\"6ad07c00\" data-element_type=\"widget\" data-widget_type=\"image.default\">\n\t\t\t\t<div class=\"elementor-widget-container\">\n\t\t\t\t\t\t\t\t\t\t\t\t\t<img decoding=\"async\" width=\"640\" height=\"640\" src=\"https:\/\/building-better.eu\/wp-content\/uploads\/2021\/08\/building-better-youth-worker@2.jpg\" class=\"attachment-large size-large wp-image-629\" alt=\"building better target groups\" srcset=\"https:\/\/building-better.eu\/wp-content\/uploads\/2021\/08\/building-better-youth-worker@2.jpg 800w, https:\/\/building-better.eu\/wp-content\/uploads\/2021\/08\/building-better-youth-worker@2-300x300.jpg 300w, https:\/\/building-better.eu\/wp-content\/uploads\/2021\/08\/building-better-youth-worker@2-150x150.jpg 150w, https:\/\/building-better.eu\/wp-content\/uploads\/2021\/08\/building-better-youth-worker@2-768x768.jpg 768w, https:\/\/building-better.eu\/wp-content\/uploads\/2021\/08\/building-better-youth-worker@2-624x624.jpg 624w\" sizes=\"(max-width: 640px) 100vw, 640px\" \/>\t\t\t\t\t\t\t\t\t\t\t\t\t<\/div>\n\t\t\t\t<\/div>\n\t\t\t\t<div class=\"elementor-element elementor-element-a47b20c elementor-headline--style-rotate elementor-widget elementor-widget-animated-headline\" data-id=\"a47b20c\" data-element_type=\"widget\" data-settings=\"{&quot;headline_style&quot;:&quot;rotate&quot;,&quot;animation_type&quot;:&quot;flip&quot;,&quot;rotating_text&quot;:&quot;youth workers \\r\\nyouth leaders \\r\\nfacilitators\\r\\nmunicipal workers&quot;,&quot;loop&quot;:&quot;yes&quot;,&quot;rotate_iteration_delay&quot;:2500}\" data-widget_type=\"animated-headline.default\">\n\t\t\t\t<div class=\"elementor-widget-container\">\n\t\t\t\t\t<span class=\"elementor-headline elementor-headline-animation-type-flip\">\n\t\t\t\t<span class=\"elementor-headline-dynamic-wrapper elementor-headline-text-wrapper\">\n\t\t\t\t\t<span class=\"elementor-headline-dynamic-text elementor-headline-text-active\">\n\t\t\t\tyouth&nbsp;workers&nbsp;\r\t\t\t<\/span>\n\t\t\t\t\t<span class=\"elementor-headline-dynamic-text\">\n\t\t\t\tyouth&nbsp;leaders&nbsp;\r\t\t\t<\/span>\n\t\t\t\t\t<span class=\"elementor-headline-dynamic-text\">\n\t\t\t\tfacilitators\r\t\t\t<\/span>\n\t\t\t\t\t<span class=\"elementor-headline-dynamic-text\">\n\t\t\t\tmunicipal&nbsp;workers\t\t\t<\/span>\n\t\t\t\t\t\t<\/span>\n\t\t\t\t<\/span>\n\t\t\t\t<\/div>\n\t\t\t\t<\/div>\n\t\t\t\t<div class=\"elementor-element elementor-element-7ea93709 elementor-widget elementor-widget-spacer\" data-id=\"7ea93709\" data-element_type=\"widget\" data-widget_type=\"spacer.default\">\n\t\t\t\t<div class=\"elementor-widget-container\">\n\t\t\t\t\t<div class=\"elementor-spacer\">\n\t\t\t<div class=\"elementor-spacer-inner\"><\/div>\n\t\t<\/div>\n\t\t\t\t<\/div>\n\t\t\t\t<\/div>\n\t\t\t\t\t<\/div>\n\t\t<\/div>\n\t\t\t\t<div class=\"elementor-column elementor-col-25 elementor-inner-column elementor-element elementor-element-466e7af4\" data-id=\"466e7af4\" data-element_type=\"column\">\n\t\t\t<div class=\"elementor-widget-wrap elementor-element-populated\">\n\t\t\t\t\t\t<div class=\"elementor-element elementor-element-3bf0b7cf elementor-widget elementor-widget-image\" data-id=\"3bf0b7cf\" data-element_type=\"widget\" data-widget_type=\"image.default\">\n\t\t\t\t<div class=\"elementor-widget-container\">\n\t\t\t\t\t\t\t\t\t\t\t\t\t<img decoding=\"async\" width=\"640\" height=\"640\" src=\"https:\/\/building-better.eu\/wp-content\/uploads\/2021\/10\/building-better-young-person@2.jpg\" class=\"attachment-large size-large wp-image-915\" alt=\"portal\" srcset=\"https:\/\/building-better.eu\/wp-content\/uploads\/2021\/10\/building-better-young-person@2.jpg 800w, https:\/\/building-better.eu\/wp-content\/uploads\/2021\/10\/building-better-young-person@2-300x300.jpg 300w, https:\/\/building-better.eu\/wp-content\/uploads\/2021\/10\/building-better-young-person@2-150x150.jpg 150w, https:\/\/building-better.eu\/wp-content\/uploads\/2021\/10\/building-better-young-person@2-768x768.jpg 768w, https:\/\/building-better.eu\/wp-content\/uploads\/2021\/10\/building-better-young-person@2-624x624.jpg 624w\" sizes=\"(max-width: 640px) 100vw, 640px\" \/>\t\t\t\t\t\t\t\t\t\t\t\t\t<\/div>\n\t\t\t\t<\/div>\n\t\t\t\t<div class=\"elementor-element elementor-element-46e5c031 elementor-headline--style-rotate elementor-widget elementor-widget-animated-headline\" data-id=\"46e5c031\" data-element_type=\"widget\" data-settings=\"{&quot;headline_style&quot;:&quot;rotate&quot;,&quot;animation_type&quot;:&quot;flip&quot;,&quot;rotating_text&quot;:&quot;people 18-30&quot;,&quot;loop&quot;:&quot;yes&quot;,&quot;rotate_iteration_delay&quot;:2500}\" data-widget_type=\"animated-headline.default\">\n\t\t\t\t<div class=\"elementor-widget-container\">\n\t\t\t\t\t<span class=\"elementor-headline elementor-headline-animation-type-flip\">\n\t\t\t\t<span class=\"elementor-headline-dynamic-wrapper elementor-headline-text-wrapper\">\n\t\t\t\t\t<span class=\"elementor-headline-dynamic-text elementor-headline-text-active\">\n\t\t\t\tpeople&nbsp;18-30\t\t\t<\/span>\n\t\t\t\t\t\t<\/span>\n\t\t\t\t<\/span>\n\t\t\t\t<\/div>\n\t\t\t\t<\/div>\n\t\t\t\t<div class=\"elementor-element elementor-element-a62e2d0 elementor-widget elementor-widget-spacer\" data-id=\"a62e2d0\" data-element_type=\"widget\" data-widget_type=\"spacer.default\">\n\t\t\t\t<div class=\"elementor-widget-container\">\n\t\t\t\t\t<div class=\"elementor-spacer\">\n\t\t\t<div class=\"elementor-spacer-inner\"><\/div>\n\t\t<\/div>\n\t\t\t\t<\/div>\n\t\t\t\t<\/div>\n\t\t\t\t\t<\/div>\n\t\t<\/div>\n\t\t\t\t<div class=\"elementor-column elementor-col-25 elementor-inner-column elementor-element elementor-element-3ec457a7\" data-id=\"3ec457a7\" data-element_type=\"column\">\n\t\t\t<div class=\"elementor-widget-wrap elementor-element-populated\">\n\t\t\t\t\t\t<div class=\"elementor-element elementor-element-43fc25a3 elementor-widget elementor-widget-image\" data-id=\"43fc25a3\" data-element_type=\"widget\" data-widget_type=\"image.default\">\n\t\t\t\t<div class=\"elementor-widget-container\">\n\t\t\t\t\t\t\t\t\t\t\t\t\t<img loading=\"lazy\" decoding=\"async\" width=\"640\" height=\"640\" src=\"https:\/\/building-better.eu\/wp-content\/uploads\/2021\/10\/building-better-artist@2.jpg\" class=\"attachment-large size-large wp-image-919\" alt=\"portal\" srcset=\"https:\/\/building-better.eu\/wp-content\/uploads\/2021\/10\/building-better-artist@2.jpg 800w, https:\/\/building-better.eu\/wp-content\/uploads\/2021\/10\/building-better-artist@2-300x300.jpg 300w, https:\/\/building-better.eu\/wp-content\/uploads\/2021\/10\/building-better-artist@2-150x150.jpg 150w, https:\/\/building-better.eu\/wp-content\/uploads\/2021\/10\/building-better-artist@2-768x768.jpg 768w, https:\/\/building-better.eu\/wp-content\/uploads\/2021\/10\/building-better-artist@2-624x624.jpg 624w\" sizes=\"(max-width: 640px) 100vw, 640px\" \/>\t\t\t\t\t\t\t\t\t\t\t\t\t<\/div>\n\t\t\t\t<\/div>\n\t\t\t\t<div class=\"elementor-element elementor-element-612b5b18 elementor-headline--style-rotate elementor-widget elementor-widget-animated-headline\" data-id=\"612b5b18\" data-element_type=\"widget\" data-settings=\"{&quot;headline_style&quot;:&quot;rotate&quot;,&quot;animation_type&quot;:&quot;flip&quot;,&quot;rotating_text&quot;:&quot;CCSs actors\\r\\nlocal artists&quot;,&quot;loop&quot;:&quot;yes&quot;,&quot;rotate_iteration_delay&quot;:2500}\" data-widget_type=\"animated-headline.default\">\n\t\t\t\t<div class=\"elementor-widget-container\">\n\t\t\t\t\t<span class=\"elementor-headline elementor-headline-animation-type-flip\">\n\t\t\t\t<span class=\"elementor-headline-dynamic-wrapper elementor-headline-text-wrapper\">\n\t\t\t\t\t<span class=\"elementor-headline-dynamic-text elementor-headline-text-active\">\n\t\t\t\tCCSs&nbsp;actors\r\t\t\t<\/span>\n\t\t\t\t\t<span class=\"elementor-headline-dynamic-text\">\n\t\t\t\tlocal&nbsp;artists\t\t\t<\/span>\n\t\t\t\t\t\t<\/span>\n\t\t\t\t<\/span>\n\t\t\t\t<\/div>\n\t\t\t\t<\/div>\n\t\t\t\t<div class=\"elementor-element elementor-element-4bbc3db4 elementor-widget elementor-widget-spacer\" data-id=\"4bbc3db4\" data-element_type=\"widget\" data-widget_type=\"spacer.default\">\n\t\t\t\t<div class=\"elementor-widget-container\">\n\t\t\t\t\t<div class=\"elementor-spacer\">\n\t\t\t<div class=\"elementor-spacer-inner\"><\/div>\n\t\t<\/div>\n\t\t\t\t<\/div>\n\t\t\t\t<\/div>\n\t\t\t\t\t<\/div>\n\t\t<\/div>\n\t\t\t\t<div class=\"elementor-column elementor-col-25 elementor-inner-column elementor-element elementor-element-28db26c5\" data-id=\"28db26c5\" data-element_type=\"column\">\n\t\t\t<div class=\"elementor-widget-wrap elementor-element-populated\">\n\t\t\t\t\t\t<div class=\"elementor-element elementor-element-3060b34f elementor-widget elementor-widget-image\" data-id=\"3060b34f\" data-element_type=\"widget\" data-widget_type=\"image.default\">\n\t\t\t\t<div class=\"elementor-widget-container\">\n\t\t\t\t\t\t\t\t\t\t\t\t\t<img loading=\"lazy\" decoding=\"async\" width=\"640\" height=\"640\" src=\"https:\/\/building-better.eu\/wp-content\/uploads\/2021\/08\/building-better-policy-maker@2.jpg\" class=\"attachment-large size-large wp-image-635\" alt=\"building better target groups\" srcset=\"https:\/\/building-better.eu\/wp-content\/uploads\/2021\/08\/building-better-policy-maker@2.jpg 800w, https:\/\/building-better.eu\/wp-content\/uploads\/2021\/08\/building-better-policy-maker@2-300x300.jpg 300w, https:\/\/building-better.eu\/wp-content\/uploads\/2021\/08\/building-better-policy-maker@2-150x150.jpg 150w, https:\/\/building-better.eu\/wp-content\/uploads\/2021\/08\/building-better-policy-maker@2-768x768.jpg 768w, https:\/\/building-better.eu\/wp-content\/uploads\/2021\/08\/building-better-policy-maker@2-624x624.jpg 624w\" sizes=\"(max-width: 640px) 100vw, 640px\" \/>\t\t\t\t\t\t\t\t\t\t\t\t\t<\/div>\n\t\t\t\t<\/div>\n\t\t\t\t<div class=\"elementor-element elementor-element-3ad2bb21 elementor-headline--style-rotate elementor-widget elementor-widget-animated-headline\" data-id=\"3ad2bb21\" data-element_type=\"widget\" data-settings=\"{&quot;headline_style&quot;:&quot;rotate&quot;,&quot;animation_type&quot;:&quot;flip&quot;,&quot;rotating_text&quot;:&quot;policymakers&quot;,&quot;loop&quot;:&quot;yes&quot;,&quot;rotate_iteration_delay&quot;:2500}\" data-widget_type=\"animated-headline.default\">\n\t\t\t\t<div class=\"elementor-widget-container\">\n\t\t\t\t\t<span class=\"elementor-headline elementor-headline-animation-type-flip\">\n\t\t\t\t<span class=\"elementor-headline-dynamic-wrapper elementor-headline-text-wrapper\">\n\t\t\t\t\t<span class=\"elementor-headline-dynamic-text elementor-headline-text-active\">\n\t\t\t\tpolicymakers\t\t\t<\/span>\n\t\t\t\t\t\t<\/span>\n\t\t\t\t<\/span>\n\t\t\t\t<\/div>\n\t\t\t\t<\/div>\n\t\t\t\t<div class=\"elementor-element elementor-element-52478d7 elementor-widget elementor-widget-spacer\" data-id=\"52478d7\" data-element_type=\"widget\" data-widget_type=\"spacer.default\">\n\t\t\t\t<div class=\"elementor-widget-container\">\n\t\t\t\t\t<div class=\"elementor-spacer\">\n\t\t\t<div class=\"elementor-spacer-inner\"><\/div>\n\t\t<\/div>\n\t\t\t\t<\/div>\n\t\t\t\t<\/div>\n\t\t\t\t\t<\/div>\n\t\t<\/div>\n\t\t\t\t\t<\/div>\n\t\t<\/section>\n\t\t\t\t<div class=\"elementor-element elementor-element-12ecf1f6 elementor-align-center elementor-widget elementor-widget-button\" data-id=\"12ecf1f6\" data-element_type=\"widget\" data-widget_type=\"button.default\">\n\t\t\t\t<div class=\"elementor-widget-container\">\n\t\t\t\t\t<div class=\"elementor-button-wrapper\">\n\t\t\t<a class=\"elementor-button elementor-button-link elementor-size-sm\" href=\"https:\/\/building-better.eu\/groups\/\">\n\t\t\t\t\t\t<span class=\"elementor-button-content-wrapper\">\n\t\t\t\t\t\t\t\t\t<span class=\"elementor-button-text\">join group<\/span>\n\t\t\t\t\t<\/span>\n\t\t\t\t\t<\/a>\n\t\t<\/div>\n\t\t\t\t<\/div>\n\t\t\t\t<\/div>\n\t\t\t\t<div class=\"elementor-element elementor-element-44369961 elementor-widget elementor-widget-spacer\" data-id=\"44369961\" data-element_type=\"widget\" data-widget_type=\"spacer.default\">\n\t\t\t\t<div class=\"elementor-widget-container\">\n\t\t\t\t\t<div class=\"elementor-spacer\">\n\t\t\t<div class=\"elementor-spacer-inner\"><\/div>\n\t\t<\/div>\n\t\t\t\t<\/div>\n\t\t\t\t<\/div>\n\t\t\t\t\t<\/div>\n\t\t<\/div>\n\t\t\t\t\t<\/div>\n\t\t<\/section>\n\t\t\t\t<\/div>\n\t\t","protected":false},"excerpt":{"rendered":"<p>BUILDING BETTER Das Projekt An dem Projekt &#8220;Building Better&#8221; sind Jugendorganisationen, Organisationen aus den Bereichen Kunst und Kultur, Ausbildungseinrichtungen und lokale Beh\u00f6rden aus Deutschland, Zypern,&hellip;<\/p>\n","protected":false},"author":2,"featured_media":0,"parent":0,"menu_order":0,"comment_status":"closed","ping_status":"closed","template":"elementor_header_footer","meta":{"footnotes":""},"class_list":["post-713","page","type-page","status-publish","hentry"],"_links":{"self":[{"href":"https:\/\/building-better.eu\/de\/wp-json\/wp\/v2\/pages\/713","targetHints":{"allow":["GET"]}}],"collection":[{"href":"https:\/\/building-better.eu\/de\/wp-json\/wp\/v2\/pages"}],"about":[{"href":"https:\/\/building-better.eu\/de\/wp-json\/wp\/v2\/types\/page"}],"author":[{"embeddable":true,"href":"https:\/\/building-better.eu\/de\/wp-json\/wp\/v2\/users\/2"}],"replies":[{"embeddable":true,"href":"https:\/\/building-better.eu\/de\/wp-json\/wp\/v2\/comments?post=713"}],"version-history":[{"count":6,"href":"https:\/\/building-better.eu\/de\/wp-json\/wp\/v2\/pages\/713\/revisions"}],"predecessor-version":[{"id":6386,"href":"https:\/\/building-better.eu\/de\/wp-json\/wp\/v2\/pages\/713\/revisions\/6386"}],"wp:attachment":[{"href":"https:\/\/building-better.eu\/de\/wp-json\/wp\/v2\/media?parent=713"}],"curies":[{"name":"wp","href":"https:\/\/api.w.org\/{rel}","templated":true}]}}