{"id":745,"date":"2021-10-04T07:27:42","date_gmt":"2021-10-04T07:27:42","guid":{"rendered":"https:\/\/building-better.eu\/partnerorganisationen\/"},"modified":"2021-10-27T09:50:46","modified_gmt":"2021-10-27T09:50:46","slug":"partnerorganisationen","status":"publish","type":"page","link":"https:\/\/building-better.eu\/de\/partnerorganisationen\/","title":{"rendered":"Partnerorganisationen"},"content":{"rendered":"\t\t<div data-elementor-type=\"wp-page\" data-elementor-id=\"745\" class=\"elementor elementor-745 elementor-282\" data-elementor-post-type=\"page\">\n\t\t\t\t\t\t<section class=\"elementor-section elementor-top-section elementor-element elementor-element-8f826e3 elementor-section-boxed elementor-section-height-default elementor-section-height-default\" data-id=\"8f826e3\" data-element_type=\"section\">\n\t\t\t\t\t\t<div class=\"elementor-container elementor-column-gap-default\">\n\t\t\t\t\t<div class=\"elementor-column elementor-col-100 elementor-top-column elementor-element elementor-element-6ba4ee4\" data-id=\"6ba4ee4\" data-element_type=\"column\">\n\t\t\t<div class=\"elementor-widget-wrap elementor-element-populated\">\n\t\t\t\t\t\t<div class=\"elementor-element elementor-element-6e2df01 elementor-widget elementor-widget-spacer\" data-id=\"6e2df01\" data-element_type=\"widget\" data-widget_type=\"spacer.default\">\n\t\t\t\t<div class=\"elementor-widget-container\">\n\t\t\t\t\t<div class=\"elementor-spacer\">\n\t\t\t<div class=\"elementor-spacer-inner\"><\/div>\n\t\t<\/div>\n\t\t\t\t<\/div>\n\t\t\t\t<\/div>\n\t\t\t\t<div class=\"elementor-element elementor-element-cabfd96 elementor-widget elementor-widget-heading\" data-id=\"cabfd96\" data-element_type=\"widget\" data-widget_type=\"heading.default\">\n\t\t\t\t<div class=\"elementor-widget-container\">\n\t\t\t<h2 class=\"elementor-heading-title elementor-size-default\">PARTNERORGANISATIONEN<\/h2>\t\t<\/div>\n\t\t\t\t<\/div>\n\t\t\t\t<div class=\"elementor-element elementor-element-8f6c0b3 elementor-widget elementor-widget-spacer\" data-id=\"8f6c0b3\" data-element_type=\"widget\" data-widget_type=\"spacer.default\">\n\t\t\t\t<div class=\"elementor-widget-container\">\n\t\t\t\t\t<div class=\"elementor-spacer\">\n\t\t\t<div class=\"elementor-spacer-inner\"><\/div>\n\t\t<\/div>\n\t\t\t\t<\/div>\n\t\t\t\t<\/div>\n\t\t\t\t\t<\/div>\n\t\t<\/div>\n\t\t\t\t\t<\/div>\n\t\t<\/section>\n\t\t\t\t<section class=\"elementor-section elementor-top-section elementor-element elementor-element-28c0d0c elementor-section-boxed elementor-section-height-default elementor-section-height-default\" data-id=\"28c0d0c\" data-element_type=\"section\">\n\t\t\t\t\t\t<div class=\"elementor-container elementor-column-gap-default\">\n\t\t\t\t\t<div class=\"elementor-column elementor-col-100 elementor-top-column elementor-element elementor-element-c598ff1\" data-id=\"c598ff1\" data-element_type=\"column\">\n\t\t\t<div class=\"elementor-widget-wrap elementor-element-populated\">\n\t\t\t\t\t\t<div class=\"elementor-element elementor-element-2d38a67 elementor-position-left elementor-vertical-align-middle elementor-widget elementor-widget-image-box\" data-id=\"2d38a67\" data-element_type=\"widget\" data-widget_type=\"image-box.default\">\n\t\t\t\t<div class=\"elementor-widget-container\">\n\t\t\t<div class=\"elementor-image-box-wrapper\"><figure class=\"elementor-image-box-img\"><a href=\"https:\/\/www.jkpev.de\/en\/\" target=\"_blank\" tabindex=\"-1\"><img fetchpriority=\"high\" decoding=\"async\" width=\"500\" height=\"300\" src=\"https:\/\/building-better.eu\/wp-content\/uploads\/2021\/08\/building-better-partner-1-500x300px.jpg\" class=\"elementor-animation-pulse-grow attachment-full size-full wp-image-733\" alt=\"building better partners\" srcset=\"https:\/\/building-better.eu\/wp-content\/uploads\/2021\/08\/building-better-partner-1-500x300px.jpg 500w, https:\/\/building-better.eu\/wp-content\/uploads\/2021\/08\/building-better-partner-1-500x300px-300x180.jpg 300w\" sizes=\"(max-width: 500px) 100vw, 500px\" \/><\/a><\/figure><div class=\"elementor-image-box-content\"><h4 class=\"elementor-image-box-title\"><a href=\"https:\/\/www.jkpev.de\/en\/\" target=\"_blank\">JUGEND-& KULTURPROJEKT EV <\/a><\/h4><p class=\"elementor-image-box-description\">Der Jugend- & Kulturprojekt e.V. (JKPeV) wurde 2004 mit dem Ziel gegr\u00fcndet, jungen Menschen und Erwachsenen die M\u00f6glichkeit zu geben, ihre sozialen und beruflichen F\u00e4higkeiten weiterzuentwickeln sowie Kreativit\u00e4t und Unternehmergeist durch non-formale Lernmethoden, digitale Medien, verschiedene Formen der Kunst und interkulturellen Dialog zu f\u00f6rdern. Als Koordinator mehrerer europ\u00e4isch gef\u00f6rderter Projekte hat der Verein seinen Sitz in Dresden, Deutschland. Der JKPeV widmet sich au\u00dferdem der F\u00f6rderung des aktiven B\u00fcrgerengagements und der Werte der Europ\u00e4ischen Union. Der Verein tr\u00e4gt zur kulturellen Bereicherung der Stadt Dresden bei, indem er internationale, sparten\u00fcbergreifende k\u00fcnstlerische Aktivit\u00e4ten und Veranstaltungen durchf\u00fchrt.<\/p><\/div><\/div>\t\t<\/div>\n\t\t\t\t<\/div>\n\t\t\t\t<div class=\"elementor-element elementor-element-013085d elementor-widget-divider--view-line elementor-widget elementor-widget-divider\" data-id=\"013085d\" data-element_type=\"widget\" data-widget_type=\"divider.default\">\n\t\t\t\t<div class=\"elementor-widget-container\">\n\t\t\t\t\t<div class=\"elementor-divider\">\n\t\t\t<span class=\"elementor-divider-separator\">\n\t\t\t\t\t\t<\/span>\n\t\t<\/div>\n\t\t\t\t<\/div>\n\t\t\t\t<\/div>\n\t\t\t\t<div class=\"elementor-element elementor-element-b826df4 elementor-position-right elementor-vertical-align-middle elementor-widget elementor-widget-image-box\" data-id=\"b826df4\" data-element_type=\"widget\" data-widget_type=\"image-box.default\">\n\t\t\t\t<div class=\"elementor-widget-container\">\n\t\t\t<div class=\"elementor-image-box-wrapper\"><figure class=\"elementor-image-box-img\"><a href=\"https:\/\/www.eurosc.eu\/\" target=\"_blank\" tabindex=\"-1\"><img decoding=\"async\" width=\"500\" height=\"300\" src=\"https:\/\/building-better.eu\/wp-content\/uploads\/2021\/08\/building-better-partner-2-500x300px.jpg\" class=\"elementor-animation-pulse-grow attachment-full size-full wp-image-735\" alt=\"building better partners\" srcset=\"https:\/\/building-better.eu\/wp-content\/uploads\/2021\/08\/building-better-partner-2-500x300px.jpg 500w, https:\/\/building-better.eu\/wp-content\/uploads\/2021\/08\/building-better-partner-2-500x300px-300x180.jpg 300w\" sizes=\"(max-width: 500px) 100vw, 500px\" \/><\/a><\/figure><div class=\"elementor-image-box-content\"><h4 class=\"elementor-image-box-title\"><a href=\"https:\/\/www.eurosc.eu\/\" target=\"_blank\">GG. EUROSUCCESS CONSULTING LIMITED <\/a><\/h4><p class=\"elementor-image-box-description\">Eurosuccess Consulting (EUROSC) ist ein Beratungs- und Schulungsunternehmen, welches auch im Projektmanagement t\u00e4tig ist. Mit einem dynamischen Team junger WissenschaftlerInnen bietet Eurosuccess ein umfassendes Dienstleistungspaket, das auf die Bed\u00fcrfnisse verschiedener Zielgruppen und Organisationen im Hinblick auf ihre M\u00f6glichkeiten des lebenslangen Lernens in Zypern und im Ausland eingeht. Die Organisation bietet sowohl im \u00f6ffentlichen als auch im privaten Sektor in Zypern eine Vielzahl von Dienstleistungen an. Eurosuccess nimmt aktiv an internationalen Programmen teil. Ihr etabliertes Netzwerk von lokalen wie auch internationalen Partnerorganisationen beruht auf den langj\u00e4hrigen Erfahrungen ihres Gr\u00fcnders. Eurosuccess ist Mitglied des: European Forum of Vocational Education and Training (EfVET), International Trade Council, European Prison Education Association (EPEA), European Policy Network on Key Competences in School Education (KeyCoNet Network), Cyprus Chamber of Commerce and Industry (CCCI), Cyprus Employers and Industrialists Federation und Nicosia Chamber of Commerce and Industry (NCCI). Dar\u00fcber hinaus ist Eurosuccess ein von der Human Resource Development Authority of Cyprus, der zust\u00e4ndigen Beh\u00f6rde im Bereich der allgemeinen und beruflichen Bildung, anerkanntes Berufsbildungszentrum.<\/p><\/div><\/div>\t\t<\/div>\n\t\t\t\t<\/div>\n\t\t\t\t<div class=\"elementor-element elementor-element-49e591c elementor-widget-divider--view-line elementor-widget elementor-widget-divider\" data-id=\"49e591c\" data-element_type=\"widget\" data-widget_type=\"divider.default\">\n\t\t\t\t<div class=\"elementor-widget-container\">\n\t\t\t\t\t<div class=\"elementor-divider\">\n\t\t\t<span class=\"elementor-divider-separator\">\n\t\t\t\t\t\t<\/span>\n\t\t<\/div>\n\t\t\t\t<\/div>\n\t\t\t\t<\/div>\n\t\t\t\t<div class=\"elementor-element elementor-element-ffe286c elementor-position-left elementor-vertical-align-middle elementor-widget elementor-widget-image-box\" data-id=\"ffe286c\" data-element_type=\"widget\" data-widget_type=\"image-box.default\">\n\t\t\t\t<div class=\"elementor-widget-container\">\n\t\t\t<div class=\"elementor-image-box-wrapper\"><figure class=\"elementor-image-box-img\"><a href=\"http:\/\/anelixisc.gr\/\" target=\"_blank\" tabindex=\"-1\"><img decoding=\"async\" width=\"500\" height=\"300\" src=\"https:\/\/building-better.eu\/wp-content\/uploads\/2021\/08\/building-better-partner-3-500x300px.jpg\" class=\"elementor-animation-pulse-grow attachment-full size-full wp-image-737\" alt=\"building better partners\" srcset=\"https:\/\/building-better.eu\/wp-content\/uploads\/2021\/08\/building-better-partner-3-500x300px.jpg 500w, https:\/\/building-better.eu\/wp-content\/uploads\/2021\/08\/building-better-partner-3-500x300px-300x180.jpg 300w\" sizes=\"(max-width: 500px) 100vw, 500px\" \/><\/a><\/figure><div class=\"elementor-image-box-content\"><h4 class=\"elementor-image-box-title\"><a href=\"http:\/\/anelixisc.gr\/\" target=\"_blank\">ANELIXIS DEVELOPMENT CONSULTANTS SA <\/a><\/h4><p class=\"elementor-image-box-description\">Anelixis Development Consultants S.S.A. wurde von professionellen WirtschaftswissenschaftlerInnen mit Erfahrung in der Unternehmensberatung gegr\u00fcndet. Die Hauptt\u00e4tigkeit des Unternehmens besteht in der Bereitstellung technischer Unterst\u00fctzung f\u00fcr den privaten und \u00f6ffentlichen Sektor.  Das Personal von \"Anelixis Development Consultants S.S.A.\" besteht aus WirtschaftswissenschaftlerInnen und WissenschaftlerInnen verschiedener Fachrichtungen wie IngenieurInnen, UmweltwissenschaftlerInnen, JuristInnen, ArchitektInnen, IT-ManagerInnen und SozialwissenschaftlerInnen. \"Anelixis Development Consultants S.S.A.\" ist Teil der \"Advisory - Consulting firms and institutions\", wobei sie sich auf folgende Themen spezialisieren: Technische Beratungsdienste f\u00fcr den privaten, \u00f6ffentlichen und breiteren \u00f6ffentlichen Sektor, Studien \u00fcber wirtschaftliche Interessen, Entwicklung und Verwaltung von europ\u00e4ischen Programmen, Verwaltung von kofinanzierten Projekten im breiteren \u00f6ffentlichen Sektor, strategische Planung, Unternehmensreorganisation, \u00f6ffentlichkeitswirksame Veranstaltungen, Schulungs- und Bildungsaktivit\u00e4ten und Vorbereitung auf den Erwerb von Qualit\u00e4tsmanagementsystemen. Anelixis Development Consultants S.S.A. ist sehr erfahren auf dem Gebiet der internationalen Zusammenarbeit und der Entwicklung, Einreichung, Durchf\u00fchrung und Verwaltung von transnationalen Projekten. Das Unternehmen hat es geschafft, eine Vielzahl von EU-finanzierten Projekten wie Erasmus+, Ris3Crete, NSRF, Interreg, Horizon usw. zu initiieren und zu koordinieren.<\/p><\/div><\/div>\t\t<\/div>\n\t\t\t\t<\/div>\n\t\t\t\t<div class=\"elementor-element elementor-element-10e00e6 elementor-widget-divider--view-line elementor-widget elementor-widget-divider\" data-id=\"10e00e6\" data-element_type=\"widget\" data-widget_type=\"divider.default\">\n\t\t\t\t<div class=\"elementor-widget-container\">\n\t\t\t\t\t<div class=\"elementor-divider\">\n\t\t\t<span class=\"elementor-divider-separator\">\n\t\t\t\t\t\t<\/span>\n\t\t<\/div>\n\t\t\t\t<\/div>\n\t\t\t\t<\/div>\n\t\t\t\t<div class=\"elementor-element elementor-element-5491303 elementor-position-right elementor-vertical-align-middle elementor-widget elementor-widget-image-box\" data-id=\"5491303\" data-element_type=\"widget\" data-widget_type=\"image-box.default\">\n\t\t\t\t<div class=\"elementor-widget-container\">\n\t\t\t<div class=\"elementor-image-box-wrapper\"><figure class=\"elementor-image-box-img\"><a href=\"http:\/\/www.ekk.org.cy\/akadimias-topikis-aftodioikisis-kyprou\/\" target=\"_blank\" tabindex=\"-1\"><img loading=\"lazy\" decoding=\"async\" width=\"500\" height=\"300\" src=\"https:\/\/building-better.eu\/wp-content\/uploads\/2021\/08\/building-better-partner-6-500x300px.jpg\" class=\"elementor-animation-pulse-grow attachment-full size-full wp-image-739\" alt=\"building better partners\" srcset=\"https:\/\/building-better.eu\/wp-content\/uploads\/2021\/08\/building-better-partner-6-500x300px.jpg 500w, https:\/\/building-better.eu\/wp-content\/uploads\/2021\/08\/building-better-partner-6-500x300px-300x180.jpg 300w\" sizes=\"(max-width: 500px) 100vw, 500px\" \/><\/a><\/figure><div class=\"elementor-image-box-content\"><h4 class=\"elementor-image-box-title\"><a href=\"http:\/\/www.ekk.org.cy\/akadimias-topikis-aftodioikisis-kyprou\/\" target=\"_blank\">Cyprus Academy of Local Government <\/a><\/h4><p class=\"elementor-image-box-description\">Die Cyprus Academy of Local Government wurde 2013 gegr\u00fcndet. Ihr Hauptziel ist es, den zypriotischen Kommunalverwaltungen die M\u00f6glichkeit zu geben, durch Fortbildungen den europ\u00e4ischen Trends zu folgen, da die Aufgaben der Kommunalverwaltung und die von der Zentralregierung \u00fcbertragenen Befugnisse in Zypern st\u00e4ndig zunehmen. Die Akademie hat auf eigene Initiative auf wissenschaftlicher Basis die Verwaltung der Ausbildung von Personal, gew\u00e4hlten BeamtInnen und anderen BeamtInnen im Dienste der Kommunalverwaltung \u00fcbernommen. Dies stellt eine interne Anstrengung zur Verbesserung der F\u00e4higkeiten und Fertigkeiten sowie zur F\u00f6rderung moderner Managementmethoden dar. Die Rechtsform der Akademie ist eine gemeinn\u00fctzige Aktiengesellschaft, deren Anteilseigner zu 40 % der Verband der Gemeinden Zyperns, zu 40 % die Union der Gemeinden Zyperns und zu 20 % die Entwicklungsgesellschaft der Provinzen Larnaca und Famagusta sind, welcher die Rolle des Koordinators zugewiesen wurde. Die Akademie wird von einem 13-k\u00f6pfigen Verwaltungsrat geleitet. F\u00fcnf Mitglieder werden vom Verband der Gemeinden Zyperns, f\u00fcnf Mitglieder von der Union der Gemeinden Zyperns und drei Mitglieder von der Entwicklungsgesellschaft der Provinz Larnaka und Famagusta ernannt.<\/p><\/div><\/div>\t\t<\/div>\n\t\t\t\t<\/div>\n\t\t\t\t<div class=\"elementor-element elementor-element-883dc3d elementor-widget-divider--view-line elementor-widget elementor-widget-divider\" data-id=\"883dc3d\" data-element_type=\"widget\" data-widget_type=\"divider.default\">\n\t\t\t\t<div class=\"elementor-widget-container\">\n\t\t\t\t\t<div class=\"elementor-divider\">\n\t\t\t<span class=\"elementor-divider-separator\">\n\t\t\t\t\t\t<\/span>\n\t\t<\/div>\n\t\t\t\t<\/div>\n\t\t\t\t<\/div>\n\t\t\t\t<div class=\"elementor-element elementor-element-2696afe elementor-position-left elementor-vertical-align-middle elementor-widget elementor-widget-image-box\" data-id=\"2696afe\" data-element_type=\"widget\" data-widget_type=\"image-box.default\">\n\t\t\t\t<div class=\"elementor-widget-container\">\n\t\t\t<div class=\"elementor-image-box-wrapper\"><figure class=\"elementor-image-box-img\"><a href=\"https:\/\/iparticipate.gr\/\" target=\"_blank\" tabindex=\"-1\"><img loading=\"lazy\" decoding=\"async\" width=\"500\" height=\"300\" src=\"https:\/\/building-better.eu\/wp-content\/uploads\/2021\/08\/building-better-partner-4-500x300px.jpg\" class=\"elementor-animation-pulse-grow attachment-full size-full wp-image-741\" alt=\"building better partners\" srcset=\"https:\/\/building-better.eu\/wp-content\/uploads\/2021\/08\/building-better-partner-4-500x300px.jpg 500w, https:\/\/building-better.eu\/wp-content\/uploads\/2021\/08\/building-better-partner-4-500x300px-300x180.jpg 300w\" sizes=\"(max-width: 500px) 100vw, 500px\" \/><\/a><\/figure><div class=\"elementor-image-box-content\"><h4 class=\"elementor-image-box-title\"><a href=\"https:\/\/iparticipate.gr\/\" target=\"_blank\">I-PARTICIPATE <\/a><\/h4><p class=\"elementor-image-box-description\">I-PARTICIPATE ist eine im Jahr 2018 gegr\u00fcndete gemeinn\u00fctzige Organisation mit Sitz in Larissa, Griechenland. I-PARTICIPATE zielt darauf ab, aktive B\u00fcrgerschaft zu st\u00e4rken, das Engagement der B\u00fcrgerinnen und B\u00fcrger zu unterst\u00fctzen und europ\u00e4ische Werte, Ideen sowie die europ\u00e4ische Identit\u00e4t und Kultur zu f\u00f6rdern, w\u00e4hrend gleichzeitig lebenslanges Lernen als notwendiges Mittel zur St\u00e4rkung der Gesellschaft hervorgehoben wird. Wir sind der Meinung, dass aktive B\u00fcrgerschaft nicht in aktiver Beteiligung endet und auch nicht nur von Politik und der Teilnahme an Wahlen abh\u00e4ngt, sondern pers\u00f6nliche, soziale, politische und menschliche Rechte umfasst. Das Recht auf Bildung ist mit der Identit\u00e4t einer Person als B\u00fcrgerIn verbunden und damit ein wichtiges Mittel zur F\u00f6rderung der Demokratie sowie zur Bek\u00e4mpfung verschiedener sozialer, menschlicher und \u00f6kologischer Probleme, von denen ihr Fortbestand abh\u00e4ngt. Wir sind davon \u00fcberzeugt, dass die L\u00f6sung dieser Probleme eng mit dem Menschen verbunden ist, der der Eckpfeiler einer demokratischen Gesellschaft ist. Wir glauben, dass nicht nur die Zukunft der Demokratie, sondern auch Europas und der Menschheit eng mit sozialer Integration und Freiheiten verbunden ist.<\/p><\/div><\/div>\t\t<\/div>\n\t\t\t\t<\/div>\n\t\t\t\t<div class=\"elementor-element elementor-element-51ec8e5 elementor-widget-divider--view-line elementor-widget elementor-widget-divider\" data-id=\"51ec8e5\" data-element_type=\"widget\" data-widget_type=\"divider.default\">\n\t\t\t\t<div class=\"elementor-widget-container\">\n\t\t\t\t\t<div class=\"elementor-divider\">\n\t\t\t<span class=\"elementor-divider-separator\">\n\t\t\t\t\t\t<\/span>\n\t\t<\/div>\n\t\t\t\t<\/div>\n\t\t\t\t<\/div>\n\t\t\t\t<div class=\"elementor-element elementor-element-0d448e7 elementor-position-right elementor-vertical-align-middle elementor-widget elementor-widget-image-box\" data-id=\"0d448e7\" data-element_type=\"widget\" data-widget_type=\"image-box.default\">\n\t\t\t\t<div class=\"elementor-widget-container\">\n\t\t\t<div class=\"elementor-image-box-wrapper\"><figure class=\"elementor-image-box-img\"><a href=\"https:\/\/www.sharingeurope.eu\/\" target=\"_blank\" tabindex=\"-1\"><img loading=\"lazy\" decoding=\"async\" width=\"500\" height=\"300\" src=\"https:\/\/building-better.eu\/wp-content\/uploads\/2021\/08\/building-better-partner-5-500x300px.jpg\" class=\"elementor-animation-pulse-grow attachment-full size-full wp-image-743\" alt=\"building better partners\" srcset=\"https:\/\/building-better.eu\/wp-content\/uploads\/2021\/08\/building-better-partner-5-500x300px.jpg 500w, https:\/\/building-better.eu\/wp-content\/uploads\/2021\/08\/building-better-partner-5-500x300px-300x180.jpg 300w\" sizes=\"(max-width: 500px) 100vw, 500px\" \/><\/a><\/figure><div class=\"elementor-image-box-content\"><h4 class=\"elementor-image-box-title\"><a href=\"https:\/\/www.sharingeurope.eu\/\" target=\"_blank\">SHARING EUROPE <\/a><\/h4><p class=\"elementor-image-box-description\">Sharing Europe wurde 2012 mit dem Ziel gegr\u00fcndet, soziale, kulturelle und bildungspolitische Entwicklungen zu f\u00f6rdern, kulturellen und interdisziplin\u00e4ren Austausch zu organisieren sowie Veranstaltungen und Kommunikationskampagnen zu konzipieren. Dies geschah durch Projekte im Rahmen lokaler, nationaler und europ\u00e4ischer Programme, insbesondere in den Bereichen Bildung, Kultur und Jugend. Sharing Europe hat seinen Sitz in Florenz, Italien, und widmet sich der F\u00f6rderung einer engagierten Gesellschaft und der Werte der EU. Der Verein tr\u00e4gt zudem zur kulturellen Bereicherung der Stadt Florenz bei, indem er k\u00fcnstlerische Aktivit\u00e4ten, Kommunikationskampagnen und Veranstaltungen in Zusammenarbeit mit lokalen Akteuren (lokale Beh\u00f6rden, Schulen, Medien, Organisationen aus dem Kultur- und Kreativsektor) durchf\u00fchrt.<\/p><\/div><\/div>\t\t<\/div>\n\t\t\t\t<\/div>\n\t\t\t\t<div class=\"elementor-element elementor-element-81db219 elementor-widget elementor-widget-spacer\" data-id=\"81db219\" data-element_type=\"widget\" data-widget_type=\"spacer.default\">\n\t\t\t\t<div class=\"elementor-widget-container\">\n\t\t\t\t\t<div class=\"elementor-spacer\">\n\t\t\t<div class=\"elementor-spacer-inner\"><\/div>\n\t\t<\/div>\n\t\t\t\t<\/div>\n\t\t\t\t<\/div>\n\t\t\t\t\t<\/div>\n\t\t<\/div>\n\t\t\t\t\t<\/div>\n\t\t<\/section>\n\t\t\t\t<\/div>\n\t\t","protected":false},"excerpt":{"rendered":"<p>PARTNERORGANISATIONEN JUGEND-&#038; KULTURPROJEKT EV Der Jugend- &#038; Kulturprojekt e.V. (JKPeV) wurde 2004 mit dem Ziel gegr\u00fcndet, jungen Menschen und Erwachsenen die M\u00f6glichkeit zu geben, ihre&hellip;<\/p>\n","protected":false},"author":2,"featured_media":0,"parent":0,"menu_order":0,"comment_status":"closed","ping_status":"closed","template":"elementor_header_footer","meta":{"footnotes":""},"class_list":["post-745","page","type-page","status-publish","hentry"],"_links":{"self":[{"href":"https:\/\/building-better.eu\/de\/wp-json\/wp\/v2\/pages\/745","targetHints":{"allow":["GET"]}}],"collection":[{"href":"https:\/\/building-better.eu\/de\/wp-json\/wp\/v2\/pages"}],"about":[{"href":"https:\/\/building-better.eu\/de\/wp-json\/wp\/v2\/types\/page"}],"author":[{"embeddable":true,"href":"https:\/\/building-better.eu\/de\/wp-json\/wp\/v2\/users\/2"}],"replies":[{"embeddable":true,"href":"https:\/\/building-better.eu\/de\/wp-json\/wp\/v2\/comments?post=745"}],"version-history":[{"count":0,"href":"https:\/\/building-better.eu\/de\/wp-json\/wp\/v2\/pages\/745\/revisions"}],"wp:attachment":[{"href":"https:\/\/building-better.eu\/de\/wp-json\/wp\/v2\/media?parent=745"}],"curies":[{"name":"wp","href":"https:\/\/api.w.org\/{rel}","templated":true}]}}