{"id":756,"date":"2021-10-04T07:47:29","date_gmt":"2021-10-04T07:47:29","guid":{"rendered":"https:\/\/building-better.eu\/partner\/"},"modified":"2021-10-04T10:56:12","modified_gmt":"2021-10-04T10:56:12","slug":"partner","status":"publish","type":"page","link":"https:\/\/building-better.eu\/it\/partner\/","title":{"rendered":"Partner"},"content":{"rendered":"\t\t<div data-elementor-type=\"wp-page\" data-elementor-id=\"756\" class=\"elementor elementor-756 elementor-282\" data-elementor-post-type=\"page\">\n\t\t\t\t\t\t<section class=\"elementor-section elementor-top-section elementor-element elementor-element-8f826e3 elementor-section-boxed elementor-section-height-default elementor-section-height-default\" data-id=\"8f826e3\" data-element_type=\"section\">\n\t\t\t\t\t\t<div class=\"elementor-container elementor-column-gap-default\">\n\t\t\t\t\t<div class=\"elementor-column elementor-col-100 elementor-top-column elementor-element elementor-element-6ba4ee4\" data-id=\"6ba4ee4\" data-element_type=\"column\">\n\t\t\t<div class=\"elementor-widget-wrap elementor-element-populated\">\n\t\t\t\t\t\t<div class=\"elementor-element elementor-element-6e2df01 elementor-widget elementor-widget-spacer\" data-id=\"6e2df01\" data-element_type=\"widget\" data-widget_type=\"spacer.default\">\n\t\t\t\t<div class=\"elementor-widget-container\">\n\t\t\t\t\t<div class=\"elementor-spacer\">\n\t\t\t<div class=\"elementor-spacer-inner\"><\/div>\n\t\t<\/div>\n\t\t\t\t<\/div>\n\t\t\t\t<\/div>\n\t\t\t\t<div class=\"elementor-element elementor-element-cabfd96 elementor-widget elementor-widget-heading\" data-id=\"cabfd96\" data-element_type=\"widget\" data-widget_type=\"heading.default\">\n\t\t\t\t<div class=\"elementor-widget-container\">\n\t\t\t<h2 class=\"elementor-heading-title elementor-size-default\">PARTNER<\/h2>\t\t<\/div>\n\t\t\t\t<\/div>\n\t\t\t\t<div class=\"elementor-element elementor-element-8f6c0b3 elementor-widget elementor-widget-spacer\" data-id=\"8f6c0b3\" data-element_type=\"widget\" data-widget_type=\"spacer.default\">\n\t\t\t\t<div class=\"elementor-widget-container\">\n\t\t\t\t\t<div class=\"elementor-spacer\">\n\t\t\t<div class=\"elementor-spacer-inner\"><\/div>\n\t\t<\/div>\n\t\t\t\t<\/div>\n\t\t\t\t<\/div>\n\t\t\t\t\t<\/div>\n\t\t<\/div>\n\t\t\t\t\t<\/div>\n\t\t<\/section>\n\t\t\t\t<section class=\"elementor-section elementor-top-section elementor-element elementor-element-28c0d0c elementor-section-boxed elementor-section-height-default elementor-section-height-default\" data-id=\"28c0d0c\" data-element_type=\"section\">\n\t\t\t\t\t\t<div class=\"elementor-container elementor-column-gap-default\">\n\t\t\t\t\t<div class=\"elementor-column elementor-col-100 elementor-top-column elementor-element elementor-element-c598ff1\" data-id=\"c598ff1\" data-element_type=\"column\">\n\t\t\t<div class=\"elementor-widget-wrap elementor-element-populated\">\n\t\t\t\t\t\t<div class=\"elementor-element elementor-element-2d38a67 elementor-position-left elementor-vertical-align-middle elementor-widget elementor-widget-image-box\" data-id=\"2d38a67\" data-element_type=\"widget\" data-widget_type=\"image-box.default\">\n\t\t\t\t<div class=\"elementor-widget-container\">\n\t\t\t<div class=\"elementor-image-box-wrapper\"><figure class=\"elementor-image-box-img\"><a href=\"https:\/\/www.jkpev.de\/en\/\" target=\"_blank\" tabindex=\"-1\"><img fetchpriority=\"high\" decoding=\"async\" width=\"500\" height=\"300\" src=\"https:\/\/building-better.eu\/wp-content\/uploads\/2021\/08\/building-better-partner-1-500x300px.jpg\" class=\"elementor-animation-pulse-grow attachment-full size-full wp-image-734\" alt=\"building better partners\" srcset=\"https:\/\/building-better.eu\/wp-content\/uploads\/2021\/08\/building-better-partner-1-500x300px.jpg 500w, https:\/\/building-better.eu\/wp-content\/uploads\/2021\/08\/building-better-partner-1-500x300px-300x180.jpg 300w\" sizes=\"(max-width: 500px) 100vw, 500px\" \/><\/a><\/figure><div class=\"elementor-image-box-content\"><h4 class=\"elementor-image-box-title\"><a href=\"https:\/\/www.jkpev.de\/en\/\" target=\"_blank\">JUGEND-& KULTURPROJEKT EV <\/a><\/h4><p class=\"elementor-image-box-description\">Jugend- & Kulturprojekt e.V. (JKPeV) \u00e8 stata fondata nel 2004 con l'obiettivo di fornire opportunit\u00e0 a giovani e adulti per sviluppare e utilizzare le proprie competenze trasversali e professionali e stimolare la propria creativit\u00e0 e il proprio spirito imprenditoriale attraverso metodi di apprendimento non formale, media digitali, diverse forme d'arte e dialogo interculturale. Situata a Dresda, in Germania, JKPeV si dedica alla promozione della cittadinanza attiva e dei valori dell'UE. L'associazione contribuisce inoltre all'arricchimento culturale della citt\u00e0 di Dresda attraverso la realizzazione di attivit\u00e0 ed eventi artistici interdisciplinari internazionali.<\/p><\/div><\/div>\t\t<\/div>\n\t\t\t\t<\/div>\n\t\t\t\t<div class=\"elementor-element elementor-element-013085d elementor-widget-divider--view-line elementor-widget elementor-widget-divider\" data-id=\"013085d\" data-element_type=\"widget\" data-widget_type=\"divider.default\">\n\t\t\t\t<div class=\"elementor-widget-container\">\n\t\t\t\t\t<div class=\"elementor-divider\">\n\t\t\t<span class=\"elementor-divider-separator\">\n\t\t\t\t\t\t<\/span>\n\t\t<\/div>\n\t\t\t\t<\/div>\n\t\t\t\t<\/div>\n\t\t\t\t<div class=\"elementor-element elementor-element-b826df4 elementor-position-right elementor-vertical-align-middle elementor-widget elementor-widget-image-box\" data-id=\"b826df4\" data-element_type=\"widget\" data-widget_type=\"image-box.default\">\n\t\t\t\t<div class=\"elementor-widget-container\">\n\t\t\t<div class=\"elementor-image-box-wrapper\"><figure class=\"elementor-image-box-img\"><a href=\"https:\/\/www.eurosc.eu\/\" target=\"_blank\" tabindex=\"-1\"><img decoding=\"async\" width=\"500\" height=\"300\" src=\"https:\/\/building-better.eu\/wp-content\/uploads\/2021\/08\/building-better-partner-2-500x300px.jpg\" class=\"elementor-animation-pulse-grow attachment-full size-full wp-image-736\" alt=\"building better partners\" srcset=\"https:\/\/building-better.eu\/wp-content\/uploads\/2021\/08\/building-better-partner-2-500x300px.jpg 500w, https:\/\/building-better.eu\/wp-content\/uploads\/2021\/08\/building-better-partner-2-500x300px-300x180.jpg 300w\" sizes=\"(max-width: 500px) 100vw, 500px\" \/><\/a><\/figure><div class=\"elementor-image-box-content\"><h4 class=\"elementor-image-box-title\"><a href=\"https:\/\/www.eurosc.eu\/\" target=\"_blank\">GG. EUROSUCCESS CONSULTING LIMITED <\/a><\/h4><p class=\"elementor-image-box-description\">Eurosuccess Consulting (EUROSC) \u00e8 un'organizzazione di consulenza e formazione attiva nel campo dei servizi di project management, formazione e consulenza. Attraverso un team dinamico di giovani scienziati, Eurosuccess fornisce un pacchetto completo di servizi che rispondono alle esigenze di vari gruppi e organizzazioni target, lavora sulle opportunit\u00e0 di apprendimento permanente a Cipro e all'estero. L'organizzazione offre inoltre  una variet\u00e0 di servizi al settore pubblico e privato di Cipro. Eurocess partecipa attivamente a progetti internazionali, attraverso una consolidata rete di partner all'estero, basata sull'intensa esperienza passata del suo fondatore, \u00e8 membro di: European Forum of Vocational Education and Training (EfVET), International Trade Council, European Prison Education Association (EPEA), European Policy Network on Key Competences in School Education (KeyCoNet Network), Cyprus Chamber of Commerce and Industry (CCCI), and Cyprus Employers and Industrialists Federation and Nicosia Chamber of Commerce and Industry (NCCI). Inoltre, Eurosuccess \u00e8 un Centro IFP accreditato dall'Autorit\u00e0 per lo Sviluppo delle Risorse Umane di Cipro, l'autorit\u00e0 pubblica competente per quanto riguarda la formazione e l'istruzione.<\/p><\/div><\/div>\t\t<\/div>\n\t\t\t\t<\/div>\n\t\t\t\t<div class=\"elementor-element elementor-element-49e591c elementor-widget-divider--view-line elementor-widget elementor-widget-divider\" data-id=\"49e591c\" data-element_type=\"widget\" data-widget_type=\"divider.default\">\n\t\t\t\t<div class=\"elementor-widget-container\">\n\t\t\t\t\t<div class=\"elementor-divider\">\n\t\t\t<span class=\"elementor-divider-separator\">\n\t\t\t\t\t\t<\/span>\n\t\t<\/div>\n\t\t\t\t<\/div>\n\t\t\t\t<\/div>\n\t\t\t\t<div class=\"elementor-element elementor-element-ffe286c elementor-position-left elementor-vertical-align-middle elementor-widget elementor-widget-image-box\" data-id=\"ffe286c\" data-element_type=\"widget\" data-widget_type=\"image-box.default\">\n\t\t\t\t<div class=\"elementor-widget-container\">\n\t\t\t<div class=\"elementor-image-box-wrapper\"><figure class=\"elementor-image-box-img\"><a href=\"http:\/\/anelixisc.gr\/\" target=\"_blank\" tabindex=\"-1\"><img decoding=\"async\" width=\"500\" height=\"300\" src=\"https:\/\/building-better.eu\/wp-content\/uploads\/2021\/08\/building-better-partner-3-500x300px.jpg\" class=\"elementor-animation-pulse-grow attachment-full size-full wp-image-738\" alt=\"building better partners\" srcset=\"https:\/\/building-better.eu\/wp-content\/uploads\/2021\/08\/building-better-partner-3-500x300px.jpg 500w, https:\/\/building-better.eu\/wp-content\/uploads\/2021\/08\/building-better-partner-3-500x300px-300x180.jpg 300w\" sizes=\"(max-width: 500px) 100vw, 500px\" \/><\/a><\/figure><div class=\"elementor-image-box-content\"><h4 class=\"elementor-image-box-title\"><a href=\"http:\/\/anelixisc.gr\/\" target=\"_blank\">ANELIXIS DEVELOPMENT CONSULTANTS SA <\/a><\/h4><p class=\"elementor-image-box-description\">Anelixis Development Consultants S.S.A. \u00e8 stata fondata da economisti professionisti con esperienza nella consulenza aziendale; la sua attivit\u00e0 principale \u00e8 fornire supporto tecnico al settore pubblico e privato. Lo staff di Anelixis Development Consultants S.S.A. \u00e8 composto da economisti con specializzazione laureata e scienziati di varie discipline come ingegneri, ambientalisti, avvocati, architetti, manager IT e scienziati sociali. Anelixis Development Consultants S.S.A. fa parte della sezione \"Advisory - Consulting firms and institutions\", mentre le tematiche specialistiche sono: Servizi di consulenza tecnica al settore privato, pubblico e pubblico allargato, Studi di interesse economico, Sviluppo e gestione di programmi europei, Gestione di progetti cofinanziati nel pi\u00f9 ampio settore pubblico, Pianificazione strategica, Riorganizzazione aziendale, Eventi di divulgazione, Attivit\u00e0 di formazione e istruzione e preparazione per l'acquisizione di sistemi di gestione della qualit\u00e0. Anelixis Development Consultants SSA ha molta esperienza nel campo della cooperazione internazionale e nello sviluppo, presentazione, implementazione e gestione di progetti transnazionali. L'azienda ha avviato e coordinato un'ampia gamma di progetti finanziati dall'UE come Erasmus+, Ris3Crete, NSRF, Interreg, Horizon ecc.<\/p><\/div><\/div>\t\t<\/div>\n\t\t\t\t<\/div>\n\t\t\t\t<div class=\"elementor-element elementor-element-10e00e6 elementor-widget-divider--view-line elementor-widget elementor-widget-divider\" data-id=\"10e00e6\" data-element_type=\"widget\" data-widget_type=\"divider.default\">\n\t\t\t\t<div class=\"elementor-widget-container\">\n\t\t\t\t\t<div class=\"elementor-divider\">\n\t\t\t<span class=\"elementor-divider-separator\">\n\t\t\t\t\t\t<\/span>\n\t\t<\/div>\n\t\t\t\t<\/div>\n\t\t\t\t<\/div>\n\t\t\t\t<div class=\"elementor-element elementor-element-5491303 elementor-position-right elementor-vertical-align-middle elementor-widget elementor-widget-image-box\" data-id=\"5491303\" data-element_type=\"widget\" data-widget_type=\"image-box.default\">\n\t\t\t\t<div class=\"elementor-widget-container\">\n\t\t\t<div class=\"elementor-image-box-wrapper\"><figure class=\"elementor-image-box-img\"><a href=\"http:\/\/www.ekk.org.cy\/akadimias-topikis-aftodioikisis-kyprou\/\" target=\"_blank\" tabindex=\"-1\"><img loading=\"lazy\" decoding=\"async\" width=\"500\" height=\"300\" src=\"https:\/\/building-better.eu\/wp-content\/uploads\/2021\/08\/building-better-partner-6-500x300px.jpg\" class=\"elementor-animation-pulse-grow attachment-full size-full wp-image-740\" alt=\"building better partners\" srcset=\"https:\/\/building-better.eu\/wp-content\/uploads\/2021\/08\/building-better-partner-6-500x300px.jpg 500w, https:\/\/building-better.eu\/wp-content\/uploads\/2021\/08\/building-better-partner-6-500x300px-300x180.jpg 300w\" sizes=\"(max-width: 500px) 100vw, 500px\" \/><\/a><\/figure><div class=\"elementor-image-box-content\"><h4 class=\"elementor-image-box-title\"><a href=\"http:\/\/www.ekk.org.cy\/akadimias-topikis-aftodioikisis-kyprou\/\" target=\"_blank\">Cyprus Academy of Local Government <\/a><\/h4><p class=\"elementor-image-box-description\">L\u2019Academy of Local Government of Cyprus \u00e8 stata fondata nel 2013 e il suo obiettivo principale \u00e8 consentire al governo locale di Cipro di seguire le tendenze europee attraverso la formazione, poich\u00e9 le responsabilit\u00e0 del governo locale e i poteri assegnati dal governo centrale a Cipro sono in costante aumento. L'Accademia ha intrapreso su base scientifica permanente, la gestione della formazione delle risorse umane, dei funzionari eletti e degli altri funzionari al servizio del governo locale. Uno sforzo interno per migliorare le competenze e le capacit\u00e0 e promuovere metodi di gestione moderni. La forma giuridica che la governa \u00e8 una societ\u00e0 per azioni senza scopo di lucro, con il 40% degli azionisti dell'Associazione dei Comuni di Cipro, un altro 40% dell'Unione delle Comunit\u00e0 di Cipro e il 20% della Societ\u00e0 di Sviluppo della Provincia di Larnaca e Famagosta, alla quale \u00e8 stata assegnato il ruolo di coordinatore. L'Accademia \u00e8 governata da un Consiglio di amministrazione di 13 membri. Cinque membri sono nominati dall'Associazione dei Comuni di Cipro, cinque membri dall'Associazione delle Comunit\u00e0 di Cipro e tre membri dalla Societ\u00e0 di Sviluppo della Provincia di Larnaca e Famagosta.<\/p><\/div><\/div>\t\t<\/div>\n\t\t\t\t<\/div>\n\t\t\t\t<div class=\"elementor-element elementor-element-883dc3d elementor-widget-divider--view-line elementor-widget elementor-widget-divider\" data-id=\"883dc3d\" data-element_type=\"widget\" data-widget_type=\"divider.default\">\n\t\t\t\t<div class=\"elementor-widget-container\">\n\t\t\t\t\t<div class=\"elementor-divider\">\n\t\t\t<span class=\"elementor-divider-separator\">\n\t\t\t\t\t\t<\/span>\n\t\t<\/div>\n\t\t\t\t<\/div>\n\t\t\t\t<\/div>\n\t\t\t\t<div class=\"elementor-element elementor-element-2696afe elementor-position-left elementor-vertical-align-middle elementor-widget elementor-widget-image-box\" data-id=\"2696afe\" data-element_type=\"widget\" data-widget_type=\"image-box.default\">\n\t\t\t\t<div class=\"elementor-widget-container\">\n\t\t\t<div class=\"elementor-image-box-wrapper\"><figure class=\"elementor-image-box-img\"><a href=\"https:\/\/iparticipate.gr\/\" target=\"_blank\" tabindex=\"-1\"><img loading=\"lazy\" decoding=\"async\" width=\"500\" height=\"300\" src=\"https:\/\/building-better.eu\/wp-content\/uploads\/2021\/08\/building-better-partner-4-500x300px.jpg\" class=\"elementor-animation-pulse-grow attachment-full size-full wp-image-742\" alt=\"building better partners\" srcset=\"https:\/\/building-better.eu\/wp-content\/uploads\/2021\/08\/building-better-partner-4-500x300px.jpg 500w, https:\/\/building-better.eu\/wp-content\/uploads\/2021\/08\/building-better-partner-4-500x300px-300x180.jpg 300w\" sizes=\"(max-width: 500px) 100vw, 500px\" \/><\/a><\/figure><div class=\"elementor-image-box-content\"><h4 class=\"elementor-image-box-title\"><a href=\"https:\/\/iparticipate.gr\/\" target=\"_blank\">I-PARTICIPATE <\/a><\/h4><p class=\"elementor-image-box-description\">I-PARTICIPATE \u00e8 un'organizzazione senza scopo di lucro fondata nel 2018 e ha sede a Larissa, in Grecia. Tra gli obiettivi dell'organizzazione quello di rafforzare la cittadinanza attiva, sostenere la partecipazione attiva tra i cittadini e a promuovere i valori, le idee, l'identit\u00e0 e la cultura europea, evidenziando allo stesso tempo l'apprendimento permanente come mezzo necessario per rafforzare la cittadinanza. I-PARTICIPATE crede che la cittadinanza attiva non si esaurisca nella partecipazione dei cittadini n\u00e9 dipenda solo dalla politica e dalla partecipazione alle elezioni, ma comprenda i diritti personali, sociali, politici e umani. Il diritto all'istruzione \u00e8 connesso con l'identit\u00e0 di una persona come cittadino ed \u00e8 un mezzo importante per promuovere la democrazia e lavorare su vari aspetti della collettivit\u00e0, come quello umano, sociale e ambientale. Sostiene che la soluzione dei problemi sia strettamente legata a ogni persona, questa \u00e8 la base  di una societ\u00e0 democratica. Il futuro, non solo della democrazia, ma anche dell'Europa e dell'umanit\u00e0, \u00e8 strettamente connesso con l'inclusione sociale e le libert\u00e0.<\/p><\/div><\/div>\t\t<\/div>\n\t\t\t\t<\/div>\n\t\t\t\t<div class=\"elementor-element elementor-element-51ec8e5 elementor-widget-divider--view-line elementor-widget elementor-widget-divider\" data-id=\"51ec8e5\" data-element_type=\"widget\" data-widget_type=\"divider.default\">\n\t\t\t\t<div class=\"elementor-widget-container\">\n\t\t\t\t\t<div class=\"elementor-divider\">\n\t\t\t<span class=\"elementor-divider-separator\">\n\t\t\t\t\t\t<\/span>\n\t\t<\/div>\n\t\t\t\t<\/div>\n\t\t\t\t<\/div>\n\t\t\t\t<div class=\"elementor-element elementor-element-0d448e7 elementor-position-right elementor-vertical-align-middle elementor-widget elementor-widget-image-box\" data-id=\"0d448e7\" data-element_type=\"widget\" data-widget_type=\"image-box.default\">\n\t\t\t\t<div class=\"elementor-widget-container\">\n\t\t\t<div class=\"elementor-image-box-wrapper\"><figure class=\"elementor-image-box-img\"><a href=\"https:\/\/www.sharingeurope.eu\/\" target=\"_blank\" tabindex=\"-1\"><img loading=\"lazy\" decoding=\"async\" width=\"500\" height=\"300\" src=\"https:\/\/building-better.eu\/wp-content\/uploads\/2021\/08\/building-better-partner-5-500x300px.jpg\" class=\"elementor-animation-pulse-grow attachment-full size-full wp-image-744\" alt=\"building better partners\" srcset=\"https:\/\/building-better.eu\/wp-content\/uploads\/2021\/08\/building-better-partner-5-500x300px.jpg 500w, https:\/\/building-better.eu\/wp-content\/uploads\/2021\/08\/building-better-partner-5-500x300px-300x180.jpg 300w\" sizes=\"(max-width: 500px) 100vw, 500px\" \/><\/a><\/figure><div class=\"elementor-image-box-content\"><h4 class=\"elementor-image-box-title\"><a href=\"https:\/\/www.sharingeurope.eu\/\" target=\"_blank\">SHARING EUROPE <\/a><\/h4><p class=\"elementor-image-box-description\">Sharing Europe nasce nel 2012 con l'obiettivo di promuovere lo sviluppo sociale, culturale ed educativo, organizzare scambi culturali e interdisciplinari, ideare eventi e campagne di comunicazione, attraverso progetti tematici nell'ambito di programmi locali, nazionali ed europei, in particolare nei settori dell'istruzione, della cultura e della giovent\u00f9. Con sede a Firenze, in Italia, Sharing Europe si dedica alla promozione della cittadinanza attiva e dei valori dell'UE. L'associazione contribuisce inoltre all'arricchimento culturale della citt\u00e0 di Firenze attraverso la realizzazione di attivit\u00e0 artistiche, campagne di comunicazione ed eventi, in collaborazione con gli attori locali (Enti Locali, scuole, media, organizzazioni del settore creativo e culturale).<\/p><\/div><\/div>\t\t<\/div>\n\t\t\t\t<\/div>\n\t\t\t\t<div class=\"elementor-element elementor-element-81db219 elementor-widget elementor-widget-spacer\" data-id=\"81db219\" data-element_type=\"widget\" data-widget_type=\"spacer.default\">\n\t\t\t\t<div class=\"elementor-widget-container\">\n\t\t\t\t\t<div class=\"elementor-spacer\">\n\t\t\t<div class=\"elementor-spacer-inner\"><\/div>\n\t\t<\/div>\n\t\t\t\t<\/div>\n\t\t\t\t<\/div>\n\t\t\t\t\t<\/div>\n\t\t<\/div>\n\t\t\t\t\t<\/div>\n\t\t<\/section>\n\t\t\t\t<\/div>\n\t\t","protected":false},"excerpt":{"rendered":"<p>PARTNER JUGEND-&#038; KULTURPROJEKT EV Jugend- &#038; Kulturprojekt e.V. (JKPeV) \u00e8 stata fondata nel 2004 con l&#8217;obiettivo di fornire opportunit\u00e0 a giovani e adulti per sviluppare&hellip;<\/p>\n","protected":false},"author":2,"featured_media":0,"parent":0,"menu_order":0,"comment_status":"closed","ping_status":"closed","template":"elementor_header_footer","meta":{"footnotes":""},"class_list":["post-756","page","type-page","status-publish","hentry"],"_links":{"self":[{"href":"https:\/\/building-better.eu\/it\/wp-json\/wp\/v2\/pages\/756","targetHints":{"allow":["GET"]}}],"collection":[{"href":"https:\/\/building-better.eu\/it\/wp-json\/wp\/v2\/pages"}],"about":[{"href":"https:\/\/building-better.eu\/it\/wp-json\/wp\/v2\/types\/page"}],"author":[{"embeddable":true,"href":"https:\/\/building-better.eu\/it\/wp-json\/wp\/v2\/users\/2"}],"replies":[{"embeddable":true,"href":"https:\/\/building-better.eu\/it\/wp-json\/wp\/v2\/comments?post=756"}],"version-history":[{"count":0,"href":"https:\/\/building-better.eu\/it\/wp-json\/wp\/v2\/pages\/756\/revisions"}],"wp:attachment":[{"href":"https:\/\/building-better.eu\/it\/wp-json\/wp\/v2\/media?parent=756"}],"curies":[{"name":"wp","href":"https:\/\/api.w.org\/{rel}","templated":true}]}}